{"id":18,"date":"2017-10-11T17:02:14","date_gmt":"2017-10-11T17:02:14","guid":{"rendered":"http:\/\/maintenancevietnam.com\/?page_id=18"},"modified":"2022-10-01T20:06:19","modified_gmt":"2022-10-01T20:06:19","slug":"gioi-thieu","status":"publish","type":"page","link":"https:\/\/maintenancevietnam.com\/vi\/gioi-thieu\/","title":{"rendered":"Gi\u1edbi thi\u1ec7u"},"content":{"rendered":"  <div id=\"page-header-132888116\" class=\"page-header-wrapper\">\n  <div class=\"page-title dark featured-title\">\n\n        <div class=\"page-title-bg\">\n      <div class=\"title-bg fill bg-fill\"\n        data-parallax-container=\".page-title\"\n        data-parallax-background\n        data-parallax=\"-\">\n      <\/div>\n      <div class=\"title-overlay fill\"><\/div>\n    <\/div>\n    \n    <div class=\"page-title-inner container align-center text-center flex-row-col medium-flex-wrap\" >\n              <div class=\"title-wrapper uppercase flex-col\">\n          <h1 class=\"entry-title mb-0\">\n            Gi\u1edbi thi\u1ec7u          <\/h1>\n        <\/div>\n                    <div class=\"title-content flex-col\">\n        <div class=\"title-breadcrumbs pb-half pt-half\"><\/div>      <\/div>\n    <\/div>\n\n     \n<style>\n#page-header-132888116 .page-title-inner {\n  min-height: 180px;\n}\n#page-header-132888116 .title-bg {\n  background-image: url(https:\/\/maintenancevietnam.com\/wp-content\/uploads\/2018\/05\/Rublevoy_Steemit.png);\n}\n#page-header-132888116 .title-overlay {\n  background-color: rgba(0, 0, 0, 0.3);\n}\n<\/style>\n  <\/div>\n    <\/div>\n  \n\t<section class=\"section\" id=\"section_849243787\">\n\t\t<div class=\"bg section-bg fill bg-fill  bg-loaded\" >\n\n\t\t\t\n\t\t\t\n\t\t\t\n\n\t\t<\/div>\n\n\t\t\n\n\t\t<div class=\"section-content relative\">\n\t\t\t\n\t<div id=\"gap-418114258\" class=\"gap-element clearfix\" style=\"display:block; height:auto;\">\n\t\t\n<style>\n#gap-418114258 {\n  padding-top: 50px;\n}\n<\/style>\n\t<\/div>\n\t\n<div class=\"row align-center\"  id=\"row-116437198\">\n\n\t<div id=\"col-2146347486\" class=\"col medium-8 small-9 large-8\"  >\n\t\t\t\t<div class=\"col-inner\"  >\n\t\t\t\n\t\t\t\n<h1>\u00a0<\/h1>\n<h1 style=\"text-align: center;\"><span style=\"font-size: 150%;\"><span style=\"color: #990000;\">MRC Industry Vietnam Company<\/span><br \/><\/span><\/h1>\n<h2 style=\"text-align: center;\"><strong>GI\u1edaI THI\u1ec6U CHUNG<\/strong><span style=\"font-size: 150%;\">\u00a0<\/span><\/h2>\n\t\t<\/div>\n\t\t\t\t\n<style>\n#col-2146347486 > .col-inner {\n  margin: 0px 0px -40px 0px;\n}\n<\/style>\n\t<\/div>\n\n\t\n<\/div>\n<div class=\"row\"  id=\"row-778862007\">\n\n\t<div id=\"col-398589405\" class=\"col small-12 large-12\"  >\n\t\t\t\t<div class=\"col-inner\"  >\n\t\t\t\n\t\t\t\n\t<div id=\"gap-1830419087\" class=\"gap-element clearfix\" style=\"display:block; height:auto;\">\n\t\t\n<style>\n#gap-1830419087 {\n  padding-top: 40px;\n}\n<\/style>\n\t<\/div>\n\t\n\t<div id=\"text-1961157789\" class=\"text\">\n\t\t\n<p>C\u00f4ng ty TNHH C\u00f4ng Nghi\u1ec7p MRC Vi\u1ec7t Nam \u0111\u01b0\u1ee3c th\u00e0nh l\u1eadp b\u1edfi t\u1eadp th\u1ec3 c\u1ed5 \u0111\u00f4ng l\u00e0 c\u00e1c k\u1ef9 s\u01b0 c\u00f3 tr\u00ecnh \u0111\u1ed9 v\u1ec1 chuy\u00ean m\u00f4n, c\u00f3 n\u0103ng l\u1ef1c v\u00e0 kinh nghi\u1ec7m l\u00e2u n\u0103m trong l\u0129nh v\u1ef1c b\u1ea3o tr\u00ec Nh\u00e0 m\u00e1y trong c\u00e1c Khu C\u00f4ng Nghi\u1ec7p.<br \/>C\u00e1c d\u1ecbch v\u1ee5 c\u1ee7a c\u00f4ng ty ch\u00fang t\u00f4i :<br \/>+ D\u1ecbch v\u1ee5 b\u1ea3o tr\u00ec Nh\u00e0 m\u00e1y (Thi\u1ebft b\u1ecb m\u00e1y, H\u1ec7 th\u1ed1ng s\u1ea3n xu\u1ea5t, ki\u1ebfn tr\u00fac c\u1ea3nh quan, k\u1ebft c\u1ea5u\u2026..)<br \/>+ D\u1ecbch v\u1ee5 fitting out Nh\u00e0 m\u00e1y m\u1edbi<br \/>+ D\u1ecbch v\u1ee5 c\u1ea3i t\u1ea1o v\u00e0 n\u00e2ng c\u1ea5p Nh\u00e0 m\u00e1y<br \/>+ D\u1ecbch v\u1ee5 nh\u1eadn b\u00e0n giao Nh\u00e0 m\u00e1y<br \/>+ D\u1ecbch v\u1ee5 b\u1ea3o tr\u00ec M\u00e1y c\u00f4ng nghi\u1ec7p<br \/>+ D\u1ecbch v\u1ee5 ki\u1ec3m tra \u0111\u1ecbnh k\u1ef3 Nh\u00e0 m\u00e1y<\/p>\n\t\t\n<style>\n#text-1961157789 {\n  color: rgb(0,0,0);\n}\n#text-1961157789 > * {\n  color: rgb(0,0,0);\n}\n<\/style>\n\t<\/div>\n\t\n\t<div id=\"text-3009076820\" class=\"text\">\n\t\t\n<p>M\u1ee5c ti\u00eau c\u1ee7a C\u00f4ng ty ch\u00fang t\u00f4i l\u00e0 tr\u1edf th\u00e0nh m\u1ed9t c\u00f4ng ty h\u00e0ng \u0111\u1ea7u Vi\u1ec7t Nam v\u1ec1 d\u1ecbch v\u1ee5, ch\u1ea5t l\u01b0\u1ee3ng v\u00e0 ti\u1ebfn \u0111\u1ed9 thi c\u00f4ng, lu\u00f4n th\u1ef1c hi\u1ec7n t\u1ed1t c\u00f4ng t\u00e1c an to\u00e0n lao \u0111\u1ed9ng v\u00e0 v\u1ec7 sinh m\u00f4i tr\u01b0\u1eddng.C\u00f4ng ty ch\u00fang t\u00f4i lu\u00f4n n\u1ed7 l\u1ef1c l\u1eafng nghe v\u00e0 th\u1ea5u hi\u1ec3u nhu c\u1ea7u c\u1ee7a kh\u00e1ch h\u00e0ng, t\u01b0 v\u1ea5n cho kh\u00e1ch h\u00e0ng c\u00e1c gi\u1ea3i ph\u00e1p thi\u1ebft k\u1ebf v\u00e0 thi c\u00f4ng h\u1ee3p l\u00fd nh\u1ea5t, kinh t\u1ebf nh\u1ea5t. \u0110\u1ed3ng th\u1eddi, c\u00e1c c\u00f4ng tr\u00ecnh do C\u00f4ng ty ch\u00fang t\u00f4i thi c\u00f4ng \u0111\u1ec1u \u0111\u01b0\u1ee3c \u00e1p d\u1ee5ng c\u00e1c k\u1ef9 thu\u1eadt x\u00e2y d\u1ef1ng ti\u00ean ti\u1ebfn, hi\u1ec7n \u0111\u1ea1i, c\u00f9ng \u0111\u1ed9i ng\u0169 c\u00e1n b\u1ed9 gi\u00e0u n\u0103ng l\u1ef1c, kinh nghi\u1ec7m v\u00e0 c\u00f4ng nh\u00e2n c\u00f3 tay ngh\u1ec1 cao.<br \/>\n\t\t\n<style>\n#text-3009076820 {\n  color: rgb(0,0,0);\n}\n#text-3009076820 > * {\n  color: rgb(0,0,0);\n}\n<\/style>\n\t<\/div>\n\t\n<h2>L\u1ecaCH S\u1eec H\u00ccNH TH\u00c0NH<\/h2>\n\t<div id=\"text-2894402209\" class=\"text\">\n\t\t\n<p>C\u00f4ng ty TNHH C\u00f4ng Nghi\u1ec7p MRC Vi\u1ec7t Nam \u0111\u01b0\u1ee3c th\u00e0nh l\u1eadp ng\u00e0y20 th\u00e1ng 08 n\u0103m 2011,tr\u00ean c\u01a1 s\u1edf k\u1ebf th\u1eeba to\u00e0n b\u1ed9 n\u0103ng l\u1ef1c, kinh nghi\u1ec7m c\u1ee7a c\u00e1c c\u1ed5 \u0111\u00f4ng c\u00f3 kinh nghi\u1ec7m l\u00e0m vi\u1ec7c nhi\u1ec1u n\u0103m trong c\u00e1c khu c\u00f4ng nghi\u1ec7p t\u1ea1i Vi\u1ec7t namV\u1edbi m\u1ee5c ti\u00eau tr\u1edf th\u00e0nh m\u1ed9t c\u00f4ng ty chuy\u00ean nghi\u1ec7p, C\u00f4ng ty TNHH C\u00f4ng Nghi\u1ec7p MRC Vi\u1ec7t Nam lu\u00f4n n\u1ed7 l\u1ef1c ph\u1ea5n \u0111\u1ea5u kh\u00f4ng ng\u1eebng \u0111\u1ec3 ng\u00e0y c\u00e0ng ho\u00e0n thi\u1ec7n v\u1ec1 n\u0103ng l\u1ef1c qu\u1ea3n l\u00fd, ch\u1ea5t l\u01b0\u1ee3ng v\u00e0 ti\u1ebfn \u0111\u1ed9 thi c\u00f4ng.<br \/>\nTh\u01b0\u01a1ng hi\u1ec7u MRC ng\u00e0y c\u00e0ng \u0111\u01b0\u1ee3c kh\u1eb3ng \u0111\u1ecbnh v\u1edbi uy t\u00edn cao v\u1ec1 ch\u1ea5t l\u01b0\u1ee3ng, ti\u1ebfn \u0111\u1ed9, an to\u00e0n lao \u0111\u1ed9ng. C\u00e1c c\u00f4ng tr\u00ecnh C\u00f4ng ty \u0111\u00e3 thi c\u00f4ng lu\u00f4n nh\u1eadn \u0111\u01b0\u1ee3c s\u1ef1 \u0111\u00e1nh gi\u00e1 t\u00edch c\u1ef1c c\u1ee7a c\u00e1c ch\u1ee7 \u0111\u1ea7u t\u01b0.<br \/>\n\t\t\n<style>\n#text-2894402209 {\n  color: rgb(0,0,0);\n}\n#text-2894402209 > * {\n  color: rgb(0,0,0);\n}\n<\/style>\n\t<\/div>\n\t\n<h2>L\u0128NH V\u1ef0C HO\u1ea0T \u0110\u1ed8NG<\/h2>\n\t<div id=\"text-132953991\" class=\"text\">\n\t\t\n<ul>\n<li>T\u01b0 v\u1ea5n \u0111\u1ea7u t\u01b0 B\u1ea5t \u0111\u1ed9ng s\u1ea3n C\u00f4ng nghi\u1ec7p v\u00e0 N\u00f4ng nghi\u1ec7p<\/li>\n<li>B\u1ea3o tr\u00ec, c\u1ea3i t\u1ea1o v\u00e0 n\u00e2ng c\u1ea5p c\u00e1c Nh\u00e0 M\u00e1y t\u1ea1i Vi\u1ec7t nam<\/li>\n<li>Thi\u1ebft k\u1ebf thi c\u00f4ng x\u00e2y d\u1ef1ng Nh\u00e0 m\u00e1y v\u00e0 Trang tr\u1ea1i ch\u0103n nu\u00f4i<\/li>\n<\/ul>\n<h2>S\u01a0 \u0110\u1ed2 T\u1ed4 CH\u1ee8C C\u00d4NG TY<\/h2>\n\t\t\n<style>\n#text-132953991 {\n  color: rgb(0,0,0);\n}\n#text-132953991 > * {\n  color: rgb(0,0,0);\n}\n<\/style>\n\t<\/div>\n\t\n\t<div class=\"img has-hover x md-x lg-x y md-y lg-y\" id=\"image_1080680754\">\n\t\t\t\t\t\t\t\t<div class=\"img-inner dark\" >\n\t\t\t<img loading=\"lazy\" decoding=\"async\" width=\"1590\" height=\"770\" src=\"https:\/\/maintenancevietnam.com\/wp-content\/uploads\/2022\/09\/SDTC-1.png\" class=\"attachment-original size-original\" alt=\"\" srcset=\"https:\/\/maintenancevietnam.com\/wp-content\/uploads\/2022\/09\/SDTC-1.png 1590w, https:\/\/maintenancevietnam.com\/wp-content\/uploads\/2022\/09\/SDTC-1-300x145.png 300w, https:\/\/maintenancevietnam.com\/wp-content\/uploads\/2022\/09\/SDTC-1-1024x496.png 1024w, https:\/\/maintenancevietnam.com\/wp-content\/uploads\/2022\/09\/SDTC-1-768x372.png 768w, https:\/\/maintenancevietnam.com\/wp-content\/uploads\/2022\/09\/SDTC-1-1536x744.png 1536w\" sizes=\"auto, (max-width: 1590px) 100vw, 1590px\" \/>\t\t\t\t\t\t\n\t\t\t\t\t<\/div>\n\t\t\t\t\t\t\t\t\n<style>\n#image_1080680754 {\n  width: 100%;\n}\n<\/style>\n\t<\/div>\n\t\n\t\t<\/div>\n\t\t\t\t\t<\/div>\n\n\t\n<\/div>\n\t<div id=\"gap-1009117238\" class=\"gap-element clearfix\" style=\"display:block; height:auto;\">\n\t\t\n<style>\n#gap-1009117238 {\n  padding-top: 30px;\n}\n<\/style>\n\t<\/div>\n\t\n\t\t<\/div>\n\n\t\t\n<style>\n#section_849243787 {\n  padding-top: 10px;\n  padding-bottom: 10px;\n}\n#section_849243787 .ux-shape-divider--top svg {\n  height: 150px;\n  --divider-top-width: 100%;\n}\n#section_849243787 .ux-shape-divider--bottom svg {\n  height: 150px;\n  --divider-width: 100%;\n}\n<\/style>\n\t<\/section>\n\t\n","protected":false},"excerpt":{"rendered":"","protected":false},"author":2,"featured_media":0,"parent":0,"menu_order":0,"comment_status":"closed","ping_status":"closed","template":"","meta":{"footnotes":""},"class_list":["post-18","page","type-page","status-publish","hentry"],"yoast_head":"<!-- This site is optimized with the Yoast SEO plugin v19.7.1 - https:\/\/yoast.com\/wordpress\/plugins\/seo\/ -->\n<title>Gi\u1edbi thi\u1ec7u - MRC Industry Vietnam .,Ltd<\/title>\n<meta name=\"robots\" content=\"index, follow, max-snippet:-1, max-image-preview:large, max-video-preview:-1\" \/>\n<link rel=\"canonical\" href=\"https:\/\/maintenancevietnam.com\/vi\/gioi-thieu\/\" \/>\n<meta property=\"og:locale\" content=\"vi_VN\" \/>\n<meta property=\"og:type\" content=\"article\" \/>\n<meta property=\"og:title\" content=\"Gi\u1edbi thi\u1ec7u - MRC Industry Vietnam .,Ltd\" \/>\n<meta property=\"og:url\" content=\"https:\/\/maintenancevietnam.com\/vi\/gioi-thieu\/\" \/>\n<meta property=\"og:site_name\" content=\"MRC Industry Vietnam .,Ltd\" \/>\n<meta property=\"article:modified_time\" content=\"2022-10-01T20:06:19+00:00\" \/>\n<meta name=\"twitter:card\" content=\"summary_large_image\" \/>\n<meta name=\"twitter:label1\" content=\"\u01af\u1edbc t\u00ednh th\u1eddi gian \u0111\u1ecdc\" \/>\n\t<meta name=\"twitter:data1\" content=\"3 ph\u00fat\" \/>\n<script type=\"application\/ld+json\" class=\"yoast-schema-graph\">{\"@context\":\"https:\/\/schema.org\",\"@graph\":[{\"@type\":\"WebPage\",\"@id\":\"https:\/\/maintenancevietnam.com\/vi\/gioi-thieu\/\",\"url\":\"https:\/\/maintenancevietnam.com\/vi\/gioi-thieu\/\",\"name\":\"Gi\u1edbi thi\u1ec7u - MRC Industry Vietnam .,Ltd\",\"isPartOf\":{\"@id\":\"https:\/\/maintenancevietnam.com\/#website\"},\"datePublished\":\"2017-10-11T17:02:14+00:00\",\"dateModified\":\"2022-10-01T20:06:19+00:00\",\"breadcrumb\":{\"@id\":\"https:\/\/maintenancevietnam.com\/vi\/gioi-thieu\/#breadcrumb\"},\"inLanguage\":\"vi\",\"potentialAction\":[{\"@type\":\"ReadAction\",\"target\":[\"https:\/\/maintenancevietnam.com\/vi\/gioi-thieu\/\"]}]},{\"@type\":\"BreadcrumbList\",\"@id\":\"https:\/\/maintenancevietnam.com\/vi\/gioi-thieu\/#breadcrumb\",\"itemListElement\":[{\"@type\":\"ListItem\",\"position\":1,\"name\":\"Trang ch\u1ee7\",\"item\":\"https:\/\/maintenancevietnam.com\/vi\/\"},{\"@type\":\"ListItem\",\"position\":2,\"name\":\"Gi\u1edbi thi\u1ec7u\"}]},{\"@type\":\"WebSite\",\"@id\":\"https:\/\/maintenancevietnam.com\/#website\",\"url\":\"https:\/\/maintenancevietnam.com\/\",\"name\":\"MRC Industry Vietnam .,Ltd\",\"description\":\"\",\"potentialAction\":[{\"@type\":\"SearchAction\",\"target\":{\"@type\":\"EntryPoint\",\"urlTemplate\":\"https:\/\/maintenancevietnam.com\/?s={search_term_string}\"},\"query-input\":\"required name=search_term_string\"}],\"inLanguage\":\"vi\"}]}<\/script>\n<!-- \/ Yoast SEO plugin. -->","yoast_head_json":{"title":"Gi\u1edbi thi\u1ec7u - MRC Industry Vietnam .,Ltd","robots":{"index":"index","follow":"follow","max-snippet":"max-snippet:-1","max-image-preview":"max-image-preview:large","max-video-preview":"max-video-preview:-1"},"canonical":"https:\/\/maintenancevietnam.com\/vi\/gioi-thieu\/","og_locale":"vi_VN","og_type":"article","og_title":"Gi\u1edbi thi\u1ec7u - MRC Industry Vietnam .,Ltd","og_url":"https:\/\/maintenancevietnam.com\/vi\/gioi-thieu\/","og_site_name":"MRC Industry Vietnam .,Ltd","article_modified_time":"2022-10-01T20:06:19+00:00","twitter_card":"summary_large_image","twitter_misc":{"\u01af\u1edbc t\u00ednh th\u1eddi gian \u0111\u1ecdc":"3 ph\u00fat"},"schema":{"@context":"https:\/\/schema.org","@graph":[{"@type":"WebPage","@id":"https:\/\/maintenancevietnam.com\/vi\/gioi-thieu\/","url":"https:\/\/maintenancevietnam.com\/vi\/gioi-thieu\/","name":"Gi\u1edbi thi\u1ec7u - MRC Industry Vietnam .,Ltd","isPartOf":{"@id":"https:\/\/maintenancevietnam.com\/#website"},"datePublished":"2017-10-11T17:02:14+00:00","dateModified":"2022-10-01T20:06:19+00:00","breadcrumb":{"@id":"https:\/\/maintenancevietnam.com\/vi\/gioi-thieu\/#breadcrumb"},"inLanguage":"vi","potentialAction":[{"@type":"ReadAction","target":["https:\/\/maintenancevietnam.com\/vi\/gioi-thieu\/"]}]},{"@type":"BreadcrumbList","@id":"https:\/\/maintenancevietnam.com\/vi\/gioi-thieu\/#breadcrumb","itemListElement":[{"@type":"ListItem","position":1,"name":"Trang ch\u1ee7","item":"https:\/\/maintenancevietnam.com\/vi\/"},{"@type":"ListItem","position":2,"name":"Gi\u1edbi thi\u1ec7u"}]},{"@type":"WebSite","@id":"https:\/\/maintenancevietnam.com\/#website","url":"https:\/\/maintenancevietnam.com\/","name":"MRC Industry Vietnam .,Ltd","description":"","potentialAction":[{"@type":"SearchAction","target":{"@type":"EntryPoint","urlTemplate":"https:\/\/maintenancevietnam.com\/?s={search_term_string}"},"query-input":"required name=search_term_string"}],"inLanguage":"vi"}]}},"_links":{"self":[{"href":"https:\/\/maintenancevietnam.com\/vi\/wp-json\/wp\/v2\/pages\/18","targetHints":{"allow":["GET"]}}],"collection":[{"href":"https:\/\/maintenancevietnam.com\/vi\/wp-json\/wp\/v2\/pages"}],"about":[{"href":"https:\/\/maintenancevietnam.com\/vi\/wp-json\/wp\/v2\/types\/page"}],"author":[{"embeddable":true,"href":"https:\/\/maintenancevietnam.com\/vi\/wp-json\/wp\/v2\/users\/2"}],"replies":[{"embeddable":true,"href":"https:\/\/maintenancevietnam.com\/vi\/wp-json\/wp\/v2\/comments?post=18"}],"version-history":[{"count":37,"href":"https:\/\/maintenancevietnam.com\/vi\/wp-json\/wp\/v2\/pages\/18\/revisions"}],"predecessor-version":[{"id":3660,"href":"https:\/\/maintenancevietnam.com\/vi\/wp-json\/wp\/v2\/pages\/18\/revisions\/3660"}],"wp:attachment":[{"href":"https:\/\/maintenancevietnam.com\/vi\/wp-json\/wp\/v2\/media?parent=18"}],"curies":[{"name":"wp","href":"https:\/\/api.w.org\/{rel}","templated":true}]}}